{"id":4057,"date":"2023-03-14T10:10:04","date_gmt":"2023-03-14T10:10:04","guid":{"rendered":"https:\/\/prabhupadasecovillage.com\/?page_id=41"},"modified":"2025-10-14T18:18:41","modified_gmt":"2025-10-14T16:18:41","slug":"ecovillagesinworld","status":"publish","type":"page","link":"https:\/\/prabhupadasecovillage.com\/?page_id=4057","title":{"rendered":"EcoVillages En El Mundo"},"content":{"rendered":"\t\t<div data-elementor-type=\"wp-page\" data-elementor-id=\"4057\" class=\"elementor elementor-4057\">\n\t\t\t\t<div class=\"elementor-element elementor-element-766b38c e-flex e-con-boxed e-con e-parent\" data-id=\"766b38c\" data-element_type=\"container\">\n\t\t\t\t\t<div class=\"e-con-inner\">\n\t\t\t\t<div class=\"elementor-element elementor-element-79b1830 elementor-widget elementor-widget-html\" data-id=\"79b1830\" data-element_type=\"widget\" data-widget_type=\"html.default\">\n\t\t\t\t\t<div style=\"width:100%; max-width:900px; margin:auto; text-align:center;\">\r\n  <h2 style=\"font-family:sans-serif; color:#2a5934; margin-bottom:15px;\">\r\n    \ud83c\udf0f Mapa de las Ecoaldeas Hare Krishna\r\n  <\/h2>\r\n\r\n  <div style=\"position:relative; padding-bottom:56.25%; height:0; overflow:hidden; border-radius:12px; box-shadow:0 0 12px rgba(0,0,0,0.15);\">\r\n    <iframe \r\n      src=\"https:\/\/www.google.com\/maps\/d\/u\/0\/embed?mid=1WCZwagEI2eek76lI3ME_WKjWt368Hd0&ehbc=2E312F\"\r\n      width=\"100%\" height=\"100%\"\r\n      style=\"border:0; position:absolute; top:0; left:0;\"\r\n      allowfullscreen=\"\"\r\n      loading=\"lazy\">\r\n    <\/iframe>\r\n  <\/div>\r\n\r\n  <p style=\"font-family:sans-serif; color:#444; margin-top:15px;\">\r\n    Si deseas que tu Ecoaldea Hare Krishna aparezca en este mapa, cont\u00e1ctanos:  \r\n    <a href=\"mailto:Prabhupadasecovillage@hotmail.com\" style=\"color:#2a5934; text-decoration:none; font-weight:bold;\">\r\n      Prabhupadasecovillage@hotmail.com\r\n    <\/a>\r\n  <\/p>\r\n<\/div>\r\n\t\t\t\t<\/div>\n\t\t\t\t\t<\/div>\n\t\t\t\t<\/div>\n\t\t\t\t<section class=\"elementor-section elementor-top-section elementor-element elementor-element-9a368a8 elementor-section-full_width elementor-section-height-default elementor-section-height-default\" data-id=\"9a368a8\" data-element_type=\"section\" data-settings=\"{&quot;background_background&quot;:&quot;classic&quot;}\">\n\t\t\t\t\t\t<div class=\"elementor-container elementor-column-gap-no\">\n\t\t\t\t\t<div class=\"elementor-column elementor-col-100 elementor-top-column elementor-element elementor-element-e67d34e\" data-id=\"e67d34e\" data-element_type=\"column\">\n\t\t\t<div class=\"elementor-widget-wrap elementor-element-populated\">\n\t\t\t\t\t\t<div class=\"elementor-element elementor-element-6c6c773 elementor-widget elementor-widget-vedhak_elementor_heading\" data-id=\"6c6c773\" data-element_type=\"widget\" data-widget_type=\"vedhak_elementor_heading.default\">\n\t\t\t\t<div class=\"elementor-widget-container\">\n\t\t\t\t\t\t\t\t<div class=\"ova-heading template2\">\n\n\t\t\t\t\n\t\t\t\t\t\t\t\t\t<div class=\"wrap-content\">\n\t\t\t\t\n\t\t\t\t\t\n\t\t\t\t\t\t<h3 class=\"title\"><span class=\"title-bold\">Vive Una Experiencia \u00danica<\/span><span class=\"title-normal\"><\/span><\/h3>\n\n\t\t\t\t\t\n\n\t\t\t\t\t\n\t\t\t\t\t\t\t\t\t\t\t\t\t<a href=\" \" class=\"button-readmore \" \n\t\t\t\t\t\t\t\ttarget=\"_self\" >\n\n\t\t\t\t\t\t\t\t\n\t\t\t\t\t\t\t\t<i class=\"\"><\/i>\n\t\t\t\t\t\t\t\t\n\t\t\t\t\t\t\t<\/a>\n\t\t\t\t\t\t\n\t\t\t\t\t\t<div class=\"background\">\n\t\t\t\t\t\t\tKrishna\t\t\t\t\t\t<\/div>\n\n\t\t\t\t\t\t\t\t\t\n\t\t\t\t\t\t\t\t\t<\/div>\n\t\t\t\t\n\t\t\t\t\n\t\t\t<\/div>\n\n\t\t\t\t\t\t<\/div>\n\t\t\t\t<\/div>\n\t\t\t\t\t<\/div>\n\t\t<\/div>\n\t\t\t\t\t<\/div>\n\t\t<\/section>\n\t\t\t\t<section class=\"elementor-section elementor-top-section elementor-element elementor-element-3f89cb2 elementor-section-full_width elementor-section-height-default elementor-section-height-default\" data-id=\"3f89cb2\" data-element_type=\"section\">\n\t\t\t\t\t\t\t<div class=\"elementor-background-overlay\"><\/div>\n\t\t\t\t\t\t\t<div class=\"elementor-container elementor-column-gap-no\">\n\t\t\t\t\t<div class=\"elementor-column elementor-col-100 elementor-top-column elementor-element elementor-element-681545e\" data-id=\"681545e\" data-element_type=\"column\" data-settings=\"{&quot;background_background&quot;:&quot;classic&quot;}\">\n\t\t\t<div class=\"elementor-widget-wrap elementor-element-populated\">\n\t\t\t\t\t\t<div class=\"elementor-element elementor-element-65a9272 elementor-widget elementor-widget-vedhak_elementor_heading\" data-id=\"65a9272\" data-element_type=\"widget\" data-widget_type=\"vedhak_elementor_heading.default\">\n\t\t\t\t<div class=\"elementor-widget-container\">\n\t\t\t\t\t\t\t\t<div class=\"ova-heading template1\">\n\n\t\t\t\t\n\t\t\t\t\t<h2 class=\"sub-title\">\n\n\t\t\t\t\t\t01\n\t\t\t\t\t\t\t\t\t\t\t\t\t<span class=\"line-decoration\"><\/span>\n\t\t\t\t\t\t\n\t\t\t\t\t\t\u00bfQuienes Somos?\n\t\t\t\t\t<\/h2>\n\n\t\t\t\t\n\t\t\t\t\n\t\t\t\t\t\n\t\t\t\t\t\t<h3 class=\"title\"><span class=\"title-bold\">Prabhupada's Ecovillages<\/span><span class=\"title-normal\"><\/span><\/h3>\n\n\t\t\t\t\t\n\n\t\t\t\t\t\t\t\t\t\n\t\t\t\t\n\t\t\t\t\n\t\t\t\t\t\n\t\t\t\t\n\t\t\t<\/div>\n\n\t\t\t\t\t\t<\/div>\n\t\t\t\t<\/div>\n\t\t\t\t<section class=\"elementor-section elementor-inner-section elementor-element elementor-element-0c2ef4b elementor-section-full_width elementor-section-height-default elementor-section-height-default\" data-id=\"0c2ef4b\" data-element_type=\"section\">\n\t\t\t\t\t\t<div class=\"elementor-container elementor-column-gap-no\">\n\t\t\t\t\t<div class=\"elementor-column elementor-col-33 elementor-inner-column elementor-element elementor-element-4f816f2\" data-id=\"4f816f2\" data-element_type=\"column\">\n\t\t\t<div class=\"elementor-widget-wrap elementor-element-populated\">\n\t\t\t\t\t\t<div class=\"elementor-element elementor-element-39824d8 elementor-widget elementor-widget-vedhak_elementor_icon_box\" data-id=\"39824d8\" data-element_type=\"widget\" data-widget_type=\"vedhak_elementor_icon_box.default\">\n\t\t\t\t<div class=\"elementor-widget-container\">\n\t\t\t\t\t\n\t\t<div class=\"ova-icon-box template4\"> \n\n\t\t\t\t\t\t\t<a class=\"iconbox\" href=\"#\" >\n\t\t\t\t\n\n\t\t\t\t\t\t\t\t\t<span class=\"icon\">\n\t\t\t\t\t\t<i class=\"fas fa-shield-alt\"><\/i>\n\t\t\t\t\t<\/span>\n\t\t\t\t\t\t\t\t\n\t\t\t\t<div class=\"content\">\n\t\t\t\t\t\t\t\t\t\t\t<h3 class=\"title\">\n\t\t\t\t\t\t\t\ud83c\udf3fNuestra Misi\u00f3n\t\t\t\t\t\t<\/h3>\n\t                \n\t                \t\t\t\t\t\t<p class=\"description\">\n\t\t\t\t\t\t\tInspirar y apoyar comunidades espirituales sostenibles basadas en los principios de Srila Prabhupada, donde la vida simple y el pensamiento elevado gu\u00eden cada acci\u00f3n\t\t\t\t\t\t<\/p>\n\t\t\t\t\t\t\t\t\t<\/div>\n\t\t\t\t\n\t\t\t\t\t\t\t\t\t<div class=\"line-decoration\"><\/div>\n\t\t\t\t\n\t\t\t\t\n\n\t\t\t\t\t\t\t<\/a> \n\t\t\t\t\n\n\t\t<\/div>\n\n\t\t\t\t\t\t<\/div>\n\t\t\t\t<\/div>\n\t\t\t\t\t<\/div>\n\t\t<\/div>\n\t\t\t\t<div class=\"elementor-column elementor-col-33 elementor-inner-column elementor-element elementor-element-3ce3af2\" data-id=\"3ce3af2\" data-element_type=\"column\">\n\t\t\t<div class=\"elementor-widget-wrap elementor-element-populated\">\n\t\t\t\t\t\t<div class=\"elementor-element elementor-element-f7feb4c elementor-widget elementor-widget-vedhak_elementor_icon_box\" data-id=\"f7feb4c\" data-element_type=\"widget\" data-widget_type=\"vedhak_elementor_icon_box.default\">\n\t\t\t\t<div class=\"elementor-widget-container\">\n\t\t\t\t\t\n\t\t<div class=\"ova-icon-box template4\"> \n\n\t\t\t\t\t\t\t<a class=\"iconbox\" href=\"#\" >\n\t\t\t\t\n\n\t\t\t\t\t\t\t\t\t<span class=\"icon\">\n\t\t\t\t\t\t<i class=\"far fa-eye\"><\/i>\n\t\t\t\t\t<\/span>\n\t\t\t\t\t\t\t\t\n\t\t\t\t<div class=\"content\">\n\t\t\t\t\t\t\t\t\t\t\t<h3 class=\"title\">\n\t\t\t\t\t\t\t\ud83c\udf1e Nuestra Visi\u00f3n\t\t\t\t\t\t<\/h3>\n\t                \n\t                \t\t\t\t\t\t<p class=\"description\">\n\t\t\t\t\t\t\tCrear una red global de ecoaldeas Hare Krishna unidas por la devoci\u00f3n, la autosuficiencia y el amor por la naturaleza y todos los seres.\t\t\t\t\t\t<\/p>\n\t\t\t\t\t\t\t\t\t<\/div>\n\t\t\t\t\n\t\t\t\t\t\t\t\t\t<div class=\"line-decoration\"><\/div>\n\t\t\t\t\n\t\t\t\t\n\n\t\t\t\t\t\t\t<\/a> \n\t\t\t\t\n\n\t\t<\/div>\n\n\t\t\t\t\t\t<\/div>\n\t\t\t\t<\/div>\n\t\t\t\t\t<\/div>\n\t\t<\/div>\n\t\t\t\t<div class=\"elementor-column elementor-col-33 elementor-inner-column elementor-element elementor-element-0c60071\" data-id=\"0c60071\" data-element_type=\"column\">\n\t\t\t<div class=\"elementor-widget-wrap elementor-element-populated\">\n\t\t\t\t\t\t<div class=\"elementor-element elementor-element-586afe4 elementor-widget elementor-widget-vedhak_elementor_icon_box\" data-id=\"586afe4\" data-element_type=\"widget\" data-widget_type=\"vedhak_elementor_icon_box.default\">\n\t\t\t\t<div class=\"elementor-widget-container\">\n\t\t\t\t\t\n\t\t<div class=\"ova-icon-box template4\"> \n\n\t\t\t\t\t\t\t<a class=\"iconbox\" href=\"#\" >\n\t\t\t\t\n\n\t\t\t\t\t\t\t\t\t<span class=\"icon\">\n\t\t\t\t\t\t<i class=\"fas fa-bullseye\"><\/i>\n\t\t\t\t\t<\/span>\n\t\t\t\t\t\t\t\t\n\t\t\t\t<div class=\"content\">\n\t\t\t\t\t\t\t\t\t\t\t<h3 class=\"title\">\n\t\t\t\t\t\t\t\ud83c\udf31 Nuestros Objetivos\t\t\t\t\t\t<\/h3>\n\t                \n\t                \t\t\t\t\t\t<p class=\"description\">\n\t\t\t\t\t\t\tFortalecer la cooperaci\u00f3n entre comunidades, promover pr\u00e1cticas ecol\u00f3gicas, y difundir los valores espirituales que conducen a una vida plena y consciente.\t\t\t\t\t\t<\/p>\n\t\t\t\t\t\t\t\t\t<\/div>\n\t\t\t\t\n\t\t\t\t\t\t\t\t\t<div class=\"line-decoration\"><\/div>\n\t\t\t\t\n\t\t\t\t\n\n\t\t\t\t\t\t\t<\/a> \n\t\t\t\t\n\n\t\t<\/div>\n\n\t\t\t\t\t\t<\/div>\n\t\t\t\t<\/div>\n\t\t\t\t\t<\/div>\n\t\t<\/div>\n\t\t\t\t\t<\/div>\n\t\t<\/section>\n\t\t\t\t\t<\/div>\n\t\t<\/div>\n\t\t\t\t\t<\/div>\n\t\t<\/section>\n\t\t\t\t<\/div>\n\t\t","protected":false},"excerpt":{"rendered":"<p>\ud83c\udf0f Mapa de las Ecoaldeas Hare Krishna Si deseas que tu Ecoaldea Hare Krishna aparezca en este mapa, cont\u00e1ctanos: Prabhupadasecovillage@hotmail.com Vive Una Experiencia \u00danica Krishna 01 \u00bfQuienes Somos? Prabhupada&#8217;s Ecovillages \ud83c\udf3fNuestra Misi\u00f3n Inspirar y apoyar comunidades espirituales sostenibles basadas en los principios de Srila Prabhupada, donde la vida simple y el pensamiento elevado gu\u00eden cada [&hellip;]<\/p>\n","protected":false},"author":1,"featured_media":4178,"parent":0,"menu_order":0,"comment_status":"closed","ping_status":"closed","template":"elementor_header_footer","meta":{"footnotes":""},"class_list":["post-4057","page","type-page","status-publish","has-post-thumbnail","hentry"],"_links":{"self":[{"href":"https:\/\/prabhupadasecovillage.com\/index.php?rest_route=\/wp\/v2\/pages\/4057","targetHints":{"allow":["GET"]}}],"collection":[{"href":"https:\/\/prabhupadasecovillage.com\/index.php?rest_route=\/wp\/v2\/pages"}],"about":[{"href":"https:\/\/prabhupadasecovillage.com\/index.php?rest_route=\/wp\/v2\/types\/page"}],"author":[{"embeddable":true,"href":"https:\/\/prabhupadasecovillage.com\/index.php?rest_route=\/wp\/v2\/users\/1"}],"replies":[{"embeddable":true,"href":"https:\/\/prabhupadasecovillage.com\/index.php?rest_route=%2Fwp%2Fv2%2Fcomments&post=4057"}],"version-history":[{"count":17,"href":"https:\/\/prabhupadasecovillage.com\/index.php?rest_route=\/wp\/v2\/pages\/4057\/revisions"}],"predecessor-version":[{"id":4287,"href":"https:\/\/prabhupadasecovillage.com\/index.php?rest_route=\/wp\/v2\/pages\/4057\/revisions\/4287"}],"wp:featuredmedia":[{"embeddable":true,"href":"https:\/\/prabhupadasecovillage.com\/index.php?rest_route=\/wp\/v2\/media\/4178"}],"wp:attachment":[{"href":"https:\/\/prabhupadasecovillage.com\/index.php?rest_route=%2Fwp%2Fv2%2Fmedia&parent=4057"}],"curies":[{"name":"wp","href":"https:\/\/api.w.org\/{rel}","templated":true}]}}