{"id":3963,"date":"2023-05-08T10:48:50","date_gmt":"2023-05-08T03:48:50","guid":{"rendered":"https:\/\/prabhupadasecovillage.com\/?post_type=product&#038;p=3963"},"modified":"2026-04-04T19:27:57","modified_gmt":"2026-04-04T17:27:57","slug":"prasadam","status":"publish","type":"product","link":"https:\/\/prabhupadasecovillage.com\/?product=prasadam","title":{"rendered":"\ud83c\udf5a Cocina devocional (Prasadam)"},"content":{"rendered":"<p data-start=\"294\" data-end=\"661\">En las ecoaldeas Hare Krishna \u2014tambi\u00e9n conocidas como <em data-start=\"348\" data-end=\"361\">ecovillages<\/em>\u2014 cada comida es una oportunidad sagrada para conectar con lo divino. Antes de comer, los devotos ofrecen los alimentos a Krishna con amor, gratitud y devoci\u00f3n. Este acto transforma la comida ordinaria en <em data-start=\"566\" data-end=\"576\">Prasadam<\/em>, alimento espiritual que purifica el coraz\u00f3n y nutre tanto el cuerpo como el alma.<\/p>\n<p data-start=\"663\" data-end=\"1002\">El <em data-start=\"666\" data-end=\"676\">Prasadam<\/em> no es simplemente comida; es una expresi\u00f3n tangible de la misericordia de Dios. Preparado sin violencia, con ingredientes naturales y con una conciencia pura, cada plato est\u00e1 impregnado de energ\u00eda espiritual. Compartirlo con otros es una forma de servicio desinteresado y una celebraci\u00f3n de la unidad entre todos los seres.<\/p>\n<p data-start=\"1004\" data-end=\"1442\">En estas comunidades, el ambiente es de alegr\u00eda, humildad y fraternidad. Alrededor de una mesa sencilla, los devotos y visitantes disfrutan juntos de este regalo divino, recordando que la verdadera felicidad no est\u00e1 en el sabor de los sentidos, sino en la gratitud del coraz\u00f3n. Comer <em data-start=\"1288\" data-end=\"1298\">Prasadam<\/em> es, en s\u00ed mismo, una pr\u00e1ctica de meditaci\u00f3n, un momento para reconectarnos con la naturaleza, con Krishna y con nuestro prop\u00f3sito espiritual.<\/p>\n","protected":false},"excerpt":{"rendered":"<p>En las ecoaldeas Hare Krishna, antes de cada comida ofrecemos los alimentos a Krishna con devoci\u00f3n, transform\u00e1ndolos en <em data-start=\"1615\" data-end=\"1625\">Prasadam<\/em>, alimento espiritual. Compartirlo es una experiencia llena de gratitud, paz y conexi\u00f3n con lo divino \u2014un recordatorio de que comer tambi\u00e9n puede ser un acto sagrado<\/p>\n","protected":false},"featured_media":4186,"comment_status":"open","ping_status":"closed","template":"","meta":[],"product_brand":[],"product_cat":[44],"product_tag":[],"class_list":{"0":"post-3963","1":"product","2":"type-product","3":"status-publish","4":"has-post-thumbnail","6":"brw_type-camp","7":"brw_type-tent","8":"brw_zone-zone-b","9":"product_cat-servicio-devocional","11":"first","12":"instock","13":"shipping-taxable","14":"product-type-external"},"_links":{"self":[{"href":"https:\/\/prabhupadasecovillage.com\/index.php?rest_route=\/wp\/v2\/product\/3963","targetHints":{"allow":["GET"]}}],"collection":[{"href":"https:\/\/prabhupadasecovillage.com\/index.php?rest_route=\/wp\/v2\/product"}],"about":[{"href":"https:\/\/prabhupadasecovillage.com\/index.php?rest_route=\/wp\/v2\/types\/product"}],"replies":[{"embeddable":true,"href":"https:\/\/prabhupadasecovillage.com\/index.php?rest_route=%2Fwp%2Fv2%2Fcomments&post=3963"}],"wp:featuredmedia":[{"embeddable":true,"href":"https:\/\/prabhupadasecovillage.com\/index.php?rest_route=\/wp\/v2\/media\/4186"}],"wp:attachment":[{"href":"https:\/\/prabhupadasecovillage.com\/index.php?rest_route=%2Fwp%2Fv2%2Fmedia&parent=3963"}],"wp:term":[{"taxonomy":"product_brand","embeddable":true,"href":"https:\/\/prabhupadasecovillage.com\/index.php?rest_route=%2Fwp%2Fv2%2Fproduct_brand&post=3963"},{"taxonomy":"product_cat","embeddable":true,"href":"https:\/\/prabhupadasecovillage.com\/index.php?rest_route=%2Fwp%2Fv2%2Fproduct_cat&post=3963"},{"taxonomy":"product_tag","embeddable":true,"href":"https:\/\/prabhupadasecovillage.com\/index.php?rest_route=%2Fwp%2Fv2%2Fproduct_tag&post=3963"}],"curies":[{"name":"wp","href":"https:\/\/api.w.org\/{rel}","templated":true}]}}