{"id":3968,"date":"2023-05-08T10:56:59","date_gmt":"2023-05-08T03:56:59","guid":{"rendered":"https:\/\/prabhupadasecovillage.com\/?post_type=product&#038;p=3968"},"modified":"2026-03-23T21:15:06","modified_gmt":"2026-03-23T20:15:06","slug":"comunidad","status":"publish","type":"product","link":"https:\/\/prabhupadasecovillage.com\/?product=comunidad","title":{"rendered":"\ud83c\udfe1 Vida en comunidad"},"content":{"rendered":"<p>La vida en comunidad Krishna es una experiencia de armon\u00eda, cooperaci\u00f3n y crecimiento espiritual. En un entorno natural y pac\u00edfico, los devotos viven de manera sencilla, compartiendo actividades diarias centradas en el servicio a Krishna. Se cultiva la autosuficiencia, el respeto por todos los seres vivos y la pr\u00e1ctica constante del canto del Maha Mantra, que une a todos en un mismo prop\u00f3sito: desarrollar amor puro por Dios. Cada d\u00eda est\u00e1 lleno de trabajo devocional, estudio, meditaci\u00f3n, y kirtans que nutren el alma y fortalecen los lazos espirituales entre todos los miembros de la comunidad.<\/p>\n","protected":false},"excerpt":{"rendered":"<p>Vivir en comunidad Krishna es compartir una vida sencilla, espiritual y alegre, donde el servicio, el canto y la naturaleza se unen para cultivar amor y paz interior.<\/p>\n","protected":false},"featured_media":4183,"comment_status":"open","ping_status":"closed","template":"","meta":[],"product_brand":[],"product_cat":[44],"product_tag":[],"class_list":{"0":"post-3968","1":"product","2":"type-product","3":"status-publish","4":"has-post-thumbnail","6":"brw_type-camp","7":"brw_type-tent","8":"brw_zone-zone-b","9":"product_cat-servicio-devocional","11":"first","12":"instock","13":"shipping-taxable","14":"product-type-simple"},"_links":{"self":[{"href":"https:\/\/prabhupadasecovillage.com\/index.php?rest_route=\/wp\/v2\/product\/3968","targetHints":{"allow":["GET"]}}],"collection":[{"href":"https:\/\/prabhupadasecovillage.com\/index.php?rest_route=\/wp\/v2\/product"}],"about":[{"href":"https:\/\/prabhupadasecovillage.com\/index.php?rest_route=\/wp\/v2\/types\/product"}],"replies":[{"embeddable":true,"href":"https:\/\/prabhupadasecovillage.com\/index.php?rest_route=%2Fwp%2Fv2%2Fcomments&post=3968"}],"wp:featuredmedia":[{"embeddable":true,"href":"https:\/\/prabhupadasecovillage.com\/index.php?rest_route=\/wp\/v2\/media\/4183"}],"wp:attachment":[{"href":"https:\/\/prabhupadasecovillage.com\/index.php?rest_route=%2Fwp%2Fv2%2Fmedia&parent=3968"}],"wp:term":[{"taxonomy":"product_brand","embeddable":true,"href":"https:\/\/prabhupadasecovillage.com\/index.php?rest_route=%2Fwp%2Fv2%2Fproduct_brand&post=3968"},{"taxonomy":"product_cat","embeddable":true,"href":"https:\/\/prabhupadasecovillage.com\/index.php?rest_route=%2Fwp%2Fv2%2Fproduct_cat&post=3968"},{"taxonomy":"product_tag","embeddable":true,"href":"https:\/\/prabhupadasecovillage.com\/index.php?rest_route=%2Fwp%2Fv2%2Fproduct_tag&post=3968"}],"curies":[{"name":"wp","href":"https:\/\/api.w.org\/{rel}","templated":true}]}}